{"id":6005,"date":"2026-04-11T07:34:40","date_gmt":"2026-04-11T06:34:40","guid":{"rendered":"https:\/\/11.weblv.xyz\/?page_id=6005"},"modified":"2026-04-11T07:39:33","modified_gmt":"2026-04-11T06:39:33","slug":"industrielle-elektroarbeiten","status":"publish","type":"page","link":"https:\/\/11.weblv.xyz\/index.php\/industrielle-elektroarbeiten\/","title":{"rendered":"Industrielle Elektroarbeiten"},"content":{"rendered":"\t\t<div data-elementor-type=\"wp-page\" data-elementor-id=\"6005\" class=\"elementor elementor-6005\">\n\t\t\t\t        <section class=\"elementor-section elementor-top-section elementor-element elementor-element-29dec68 elementor-section-boxed elementor-section-height-default elementor-section-height-default ct-header-fixed-none ct-row-max-none\" data-id=\"29dec68\" data-element_type=\"section\">\n            \n                        <div class=\"elementor-container elementor-column-gap-default \">\n                    <div class=\"elementor-column elementor-col-100 elementor-top-column elementor-element elementor-element-71eb653\" data-id=\"71eb653\" data-element_type=\"column\">\n        <div class=\"elementor-widget-wrap elementor-element-populated\">\n                    \n                <section class=\"elementor-section elementor-inner-section elementor-element elementor-element-fde3eca elementor-section-boxed elementor-section-height-default elementor-section-height-default ct-header-fixed-none ct-row-max-none\" data-id=\"fde3eca\" data-element_type=\"section\">\n            \n                        <div class=\"elementor-container elementor-column-gap-extended \">\n                    <div class=\"elementor-column elementor-col-50 elementor-inner-column elementor-element elementor-element-23f422c\" data-id=\"23f422c\" data-element_type=\"column\">\n        <div class=\"elementor-widget-wrap elementor-element-populated\">\n                    \n        \t\t<div class=\"elementor-element elementor-element-0dcce03 elementor-widget elementor-widget-image\" data-id=\"0dcce03\" data-element_type=\"widget\" data-widget_type=\"image.default\">\n\t\t\t\t<div class=\"elementor-widget-container\">\n\t\t\t<style>\/*! elementor - v3.23.0 - 05-08-2024 *\/\n.elementor-widget-image{text-align:center}.elementor-widget-image a{display:inline-block}.elementor-widget-image a img[src$=\".svg\"]{width:48px}.elementor-widget-image img{vertical-align:middle;display:inline-block}<\/style>\t\t\t\t\t\t\t\t\t\t<img fetchpriority=\"high\" decoding=\"async\" width=\"736\" height=\"1075\" src=\"https:\/\/11.weblv.xyz\/wp-content\/uploads\/2026\/04\/bf0d78e66fc91e6aab7223611819b8ad.jpg\" class=\"attachment-full size-full wp-image-6015\" alt=\"\" srcset=\"https:\/\/11.weblv.xyz\/wp-content\/uploads\/2026\/04\/bf0d78e66fc91e6aab7223611819b8ad.jpg 736w, https:\/\/11.weblv.xyz\/wp-content\/uploads\/2026\/04\/bf0d78e66fc91e6aab7223611819b8ad-205x300.jpg 205w, https:\/\/11.weblv.xyz\/wp-content\/uploads\/2026\/04\/bf0d78e66fc91e6aab7223611819b8ad-701x1024.jpg 701w\" sizes=\"(max-width: 736px) 100vw, 736px\" \/>\t\t\t\t\t\t\t\t\t\t\t\t\t<\/div>\n\t\t\t\t<\/div>\n\t\t            <\/div>\n        <\/div>\n                <div class=\"elementor-column elementor-col-50 elementor-inner-column elementor-element elementor-element-9e4f4b7 elementor-invisible\" data-id=\"9e4f4b7\" data-element_type=\"column\" data-settings=\"{&quot;background_background&quot;:&quot;classic&quot;,&quot;animation&quot;:&quot;fadeInRight&quot;}\">\n        <div class=\"elementor-widget-wrap elementor-element-populated\">\n                    \n        \t\t<div class=\"elementor-element elementor-element-9d06ba6 elementor-widget elementor-widget-ct_text_editor\" data-id=\"9d06ba6\" data-element_type=\"widget\" data-widget_type=\"ct_text_editor.default\">\n\t\t\t\t<div class=\"elementor-widget-container\">\n\t\t\t<div id=\"ct_text_editor-9d06ba6\" class=\"ct-text-editor \" data-wow-delay=\"ms\">\n\t<div class=\"ct-inline-css\"  data-css=\"\n        \t\t\">\n\n    <\/div>\n\t<div class=\"ct-text-editor elementor-clearfix\">\n\t\t<p>Ob kleine, mittlere oder gro\u00dfe Industrieanlage: Dank unserer langj\u00e4hrigen Erfahrung in der Branche und dem umfangreichen Wissen unseres Teams sind wir Ihr zuverl\u00e4ssiger Partner f\u00fcr jede Dimension.<\/p><p>Unsere experten im Bereich der Elektroinstallation realisieren umfassende Elektroinstallationen sowohl f\u00fcr Neubauten als auch f\u00fcr die Renovierung von:<\/p><p>&#8211; Industrieanlagen<br \/>&#8211; B\u00fcrogeb\u00e4uden<br \/>&#8211; Werkst\u00e4tten<br \/>&#8211; Einkaufh\u00e4user<br \/>&#8211; Lagerr\u00e4umen<br \/>usw.<\/p><p>Unsere Dienstleistungen sind auf die vielf\u00e4ltigen Bed\u00fcrfnisse von Kunden aus Industrie und Gewerbe ausgerichtet.<\/p><p>Wir verf\u00fcgen \u00fcber alle Arten von Elektriker, sowohl herk\u00f6mliche Elektroniker zertifiziert bis 1000V, als auch hochzertifizierte Betriebselektriker f\u00fcr Leitung der T\u00e4tigkeiten und des Betriebes.<\/p>\t\t\n\t<\/div>\n<\/div>\t\t<\/div>\n\t\t\t\t<\/div>\n\t\t            <\/div>\n        <\/div>\n                    <\/div>\n        <\/section>\n                    <\/div>\n        <\/div>\n                    <\/div>\n        <\/section>\n        \t\t<\/div>\n\t\t","protected":false},"excerpt":{"rendered":"<p>Ob kleine, mittlere oder gro\u00dfe Industrieanlage: Dank unserer langj\u00e4hrigen Erfahrung in der Branche und dem umfangreichen Wissen unseres Teams sind wir Ihr zuverl\u00e4ssiger Partner f\u00fcr jede Dimension. Unsere experten im Bereich der Elektroinstallation realisieren umfassende Elektroinstallationen sowohl f\u00fcr Neubauten als auch f\u00fcr die Renovierung von: &#8211; Industrieanlagen&#8211; B\u00fcrogeb\u00e4uden&#8211; Werkst\u00e4tten&#8211; Einkaufh\u00e4user&#8211; Lagerr\u00e4umenusw. Unsere Dienstleistungen sind auf [&hellip;]<\/p>\n","protected":false},"author":2,"featured_media":0,"parent":0,"menu_order":0,"comment_status":"closed","ping_status":"closed","template":"","meta":{"footnotes":""},"class_list":["post-6005","page","type-page","status-publish","hentry"],"_links":{"self":[{"href":"https:\/\/11.weblv.xyz\/index.php\/wp-json\/wp\/v2\/pages\/6005","targetHints":{"allow":["GET"]}}],"collection":[{"href":"https:\/\/11.weblv.xyz\/index.php\/wp-json\/wp\/v2\/pages"}],"about":[{"href":"https:\/\/11.weblv.xyz\/index.php\/wp-json\/wp\/v2\/types\/page"}],"author":[{"embeddable":true,"href":"https:\/\/11.weblv.xyz\/index.php\/wp-json\/wp\/v2\/users\/2"}],"replies":[{"embeddable":true,"href":"https:\/\/11.weblv.xyz\/index.php\/wp-json\/wp\/v2\/comments?post=6005"}],"version-history":[{"count":10,"href":"https:\/\/11.weblv.xyz\/index.php\/wp-json\/wp\/v2\/pages\/6005\/revisions"}],"predecessor-version":[{"id":6018,"href":"https:\/\/11.weblv.xyz\/index.php\/wp-json\/wp\/v2\/pages\/6005\/revisions\/6018"}],"wp:attachment":[{"href":"https:\/\/11.weblv.xyz\/index.php\/wp-json\/wp\/v2\/media?parent=6005"}],"curies":[{"name":"wp","href":"https:\/\/api.w.org\/{rel}","templated":true}]}}