{"id":5993,"date":"2026-04-11T07:23:14","date_gmt":"2026-04-11T06:23:14","guid":{"rendered":"https:\/\/11.weblv.xyz\/?page_id=5993"},"modified":"2026-04-11T07:28:03","modified_gmt":"2026-04-11T06:28:03","slug":"allgemeine-elektroarbeiten","status":"publish","type":"page","link":"https:\/\/11.weblv.xyz\/index.php\/allgemeine-elektroarbeiten\/","title":{"rendered":"Allgemeine Elektroarbeiten"},"content":{"rendered":"\t\t<div data-elementor-type=\"wp-page\" data-elementor-id=\"5993\" class=\"elementor elementor-5993\">\n\t\t\t\t        <section class=\"elementor-section elementor-top-section elementor-element elementor-element-b18ede0 elementor-section-boxed elementor-section-height-default elementor-section-height-default ct-header-fixed-none ct-row-max-none\" data-id=\"b18ede0\" data-element_type=\"section\">\n            \n                        <div class=\"elementor-container elementor-column-gap-default \">\n                    <div class=\"elementor-column elementor-col-100 elementor-top-column elementor-element elementor-element-bcd4cc6\" data-id=\"bcd4cc6\" data-element_type=\"column\">\n        <div class=\"elementor-widget-wrap elementor-element-populated\">\n                    \n                <section class=\"elementor-section elementor-inner-section elementor-element elementor-element-980f1b8 elementor-section-boxed elementor-section-height-default elementor-section-height-default ct-header-fixed-none ct-row-max-none\" data-id=\"980f1b8\" data-element_type=\"section\">\n            \n                        <div class=\"elementor-container elementor-column-gap-extended \">\n                    <div class=\"elementor-column elementor-col-50 elementor-inner-column elementor-element elementor-element-a208c47\" data-id=\"a208c47\" data-element_type=\"column\">\n        <div class=\"elementor-widget-wrap elementor-element-populated\">\n                    \n        \t\t<div class=\"elementor-element elementor-element-5fbf43c elementor-widget elementor-widget-image\" data-id=\"5fbf43c\" data-element_type=\"widget\" data-widget_type=\"image.default\">\n\t\t\t\t<div class=\"elementor-widget-container\">\n\t\t\t<style>\/*! elementor - v3.23.0 - 05-08-2024 *\/\n.elementor-widget-image{text-align:center}.elementor-widget-image a{display:inline-block}.elementor-widget-image a img[src$=\".svg\"]{width:48px}.elementor-widget-image img{vertical-align:middle;display:inline-block}<\/style>\t\t\t\t\t\t\t\t\t\t<img fetchpriority=\"high\" decoding=\"async\" width=\"1707\" height=\"2560\" src=\"https:\/\/11.weblv.xyz\/wp-content\/uploads\/2026\/04\/30ddb1ff31-scaled.jpg\" class=\"attachment-full size-full wp-image-5998\" alt=\"\" srcset=\"https:\/\/11.weblv.xyz\/wp-content\/uploads\/2026\/04\/30ddb1ff31-scaled.jpg 1707w, https:\/\/11.weblv.xyz\/wp-content\/uploads\/2026\/04\/30ddb1ff31-200x300.jpg 200w, https:\/\/11.weblv.xyz\/wp-content\/uploads\/2026\/04\/30ddb1ff31-683x1024.jpg 683w, https:\/\/11.weblv.xyz\/wp-content\/uploads\/2026\/04\/30ddb1ff31-768x1152.jpg 768w, https:\/\/11.weblv.xyz\/wp-content\/uploads\/2026\/04\/30ddb1ff31-1024x1536.jpg 1024w, https:\/\/11.weblv.xyz\/wp-content\/uploads\/2026\/04\/30ddb1ff31-1365x2048.jpg 1365w\" sizes=\"(max-width: 1707px) 100vw, 1707px\" \/>\t\t\t\t\t\t\t\t\t\t\t\t\t<\/div>\n\t\t\t\t<\/div>\n\t\t            <\/div>\n        <\/div>\n                <div class=\"elementor-column elementor-col-50 elementor-inner-column elementor-element elementor-element-4e9d235 elementor-invisible\" data-id=\"4e9d235\" data-element_type=\"column\" data-settings=\"{&quot;background_background&quot;:&quot;classic&quot;,&quot;animation&quot;:&quot;fadeInRight&quot;}\">\n        <div class=\"elementor-widget-wrap elementor-element-populated\">\n                    \n        \t\t<div class=\"elementor-element elementor-element-b93ecda elementor-widget elementor-widget-ct_text_editor\" data-id=\"b93ecda\" data-element_type=\"widget\" data-widget_type=\"ct_text_editor.default\">\n\t\t\t\t<div class=\"elementor-widget-container\">\n\t\t\t<div id=\"ct_text_editor-b93ecda\" class=\"ct-text-editor \" data-wow-delay=\"ms\">\n\t<div class=\"ct-inline-css\"  data-css=\"\n        \t\t\">\n\n    <\/div>\n\t<div class=\"ct-text-editor elementor-clearfix\">\n\t\t<p><strong>Wir bieten Ihnen mehrere Dienstleistungen an:<\/strong><\/p><p>&#8211; Elektroinstallationen f\u00fcr\u00a0Neubauten und Renovierungen\u00a0im privaten und gewerblichen Bereich &#8211; incl. Kabelzug, Kabelverlegung, Klemmarbeiten, Ger\u00e4ten anschlu\u00df &#8211; (Lampen \/ Schalter, Steckdosen, Sicherungsfelder, Hausger\u00e4te \/ K\u00fcchenger\u00e4te, Z\u00e4hler usw. )<\/p><p>&#8211;\u00a0Reparatur, Wartung und Modernisierung\u00a0bestehender Elektroanlagen<\/p><p>&#8211; Ma\u00dfgeschneiderte\u00a0Beleuchtungstechnik\u00a0f\u00fcr Gewerbe und Industrie, einschlie\u00dflich Au\u00dfenbeleuchtung, Niederspannungsanlagen und Notbeleuchtung<\/p><p>&#8211; Verkabelung der\u00a0Verteileranlagen und Schaltschr\u00e4nke\u00a0(Hauptverteiler, Unterverteiler, Sicherheitsfelder)<\/p><p>&#8211;\u00a0Sicherheitstechnische L\u00f6sungen, einschlie\u00dflich Brandmeldeanlagen, Alarm- und Einbruchmeldeanlagen<\/p><p>&#8211;\u00a0Netzwerktechnik, Satelliten- und Antennentechnik<\/p><p>&#8211; Installation von\u00a0Klingelanlagen, Gegensprechanlagen und Videosystemen<\/p><p>&#8211;\u00a0Smart-Home-Installationen\u00a0zur Steigerung von Komfort und Effizienz<\/p><p>&#8211; Umfassende\u00a0Blitzschutzl\u00f6sungen\u00a0f\u00fcr den Innen- und Au\u00dfenbereich<\/p><p>&#8211;\u00a0Elektroheizungs-dienstleistungen, die Neuinstallationen und Renovierungen umfassen<\/p><p>&#8211; Elektroinstallationen f\u00fcr Werbungsanlagen<\/p><p>&#8211; Elektriker f\u00fcr\u00a0Klimaanlagen<\/p><p>&#8211; Dienstleistungen in\u00a0Autoelektrik<\/p><p>&#8211; Elektriker f\u00fcr\u00a0Flugbefeuerung<\/p><p>und viele weitere .<\/p>\t\t\n\t<\/div>\n<\/div>\t\t<\/div>\n\t\t\t\t<\/div>\n\t\t            <\/div>\n        <\/div>\n                    <\/div>\n        <\/section>\n                    <\/div>\n        <\/div>\n                    <\/div>\n        <\/section>\n        \t\t<\/div>\n\t\t","protected":false},"excerpt":{"rendered":"<p>Wir bieten Ihnen mehrere Dienstleistungen an: &#8211; Elektroinstallationen f\u00fcr\u00a0Neubauten und Renovierungen\u00a0im privaten und gewerblichen Bereich &#8211; incl. Kabelzug, Kabelverlegung, Klemmarbeiten, Ger\u00e4ten anschlu\u00df &#8211; (Lampen \/ Schalter, Steckdosen, Sicherungsfelder, Hausger\u00e4te \/ K\u00fcchenger\u00e4te, Z\u00e4hler usw. ) &#8211;\u00a0Reparatur, Wartung und Modernisierung\u00a0bestehender Elektroanlagen &#8211; Ma\u00dfgeschneiderte\u00a0Beleuchtungstechnik\u00a0f\u00fcr Gewerbe und Industrie, einschlie\u00dflich Au\u00dfenbeleuchtung, Niederspannungsanlagen und Notbeleuchtung &#8211; Verkabelung der\u00a0Verteileranlagen und Schaltschr\u00e4nke\u00a0(Hauptverteiler, Unterverteiler, [&hellip;]<\/p>\n","protected":false},"author":2,"featured_media":0,"parent":0,"menu_order":0,"comment_status":"closed","ping_status":"closed","template":"","meta":{"footnotes":""},"class_list":["post-5993","page","type-page","status-publish","hentry"],"_links":{"self":[{"href":"https:\/\/11.weblv.xyz\/index.php\/wp-json\/wp\/v2\/pages\/5993","targetHints":{"allow":["GET"]}}],"collection":[{"href":"https:\/\/11.weblv.xyz\/index.php\/wp-json\/wp\/v2\/pages"}],"about":[{"href":"https:\/\/11.weblv.xyz\/index.php\/wp-json\/wp\/v2\/types\/page"}],"author":[{"embeddable":true,"href":"https:\/\/11.weblv.xyz\/index.php\/wp-json\/wp\/v2\/users\/2"}],"replies":[{"embeddable":true,"href":"https:\/\/11.weblv.xyz\/index.php\/wp-json\/wp\/v2\/comments?post=5993"}],"version-history":[{"count":10,"href":"https:\/\/11.weblv.xyz\/index.php\/wp-json\/wp\/v2\/pages\/5993\/revisions"}],"predecessor-version":[{"id":6004,"href":"https:\/\/11.weblv.xyz\/index.php\/wp-json\/wp\/v2\/pages\/5993\/revisions\/6004"}],"wp:attachment":[{"href":"https:\/\/11.weblv.xyz\/index.php\/wp-json\/wp\/v2\/media?parent=5993"}],"curies":[{"name":"wp","href":"https:\/\/api.w.org\/{rel}","templated":true}]}}