{"id":5857,"date":"2026-04-10T05:55:51","date_gmt":"2026-04-10T04:55:51","guid":{"rendered":"https:\/\/11.weblv.xyz\/?page_id=5857"},"modified":"2026-04-10T06:12:08","modified_gmt":"2026-04-10T05:12:08","slug":"impressum","status":"publish","type":"page","link":"https:\/\/11.weblv.xyz\/index.php\/impressum\/","title":{"rendered":"Impressum"},"content":{"rendered":"\t\t<div data-elementor-type=\"wp-page\" data-elementor-id=\"5857\" class=\"elementor elementor-5857\">\n\t\t\t\t        <section class=\"elementor-section elementor-top-section elementor-element elementor-element-7890915 elementor-section-boxed elementor-section-height-default elementor-section-height-default ct-header-fixed-none ct-row-max-none\" data-id=\"7890915\" data-element_type=\"section\">\n            \n                        <div class=\"elementor-container elementor-column-gap-default \">\n                    <div class=\"elementor-column elementor-col-100 elementor-top-column elementor-element elementor-element-5780a0b elementor-invisible\" data-id=\"5780a0b\" data-element_type=\"column\" data-settings=\"{&quot;background_background&quot;:&quot;classic&quot;,&quot;animation&quot;:&quot;zoomIn&quot;}\">\n        <div class=\"elementor-widget-wrap elementor-element-populated\">\n                    \n        \t\t<div class=\"elementor-element elementor-element-284508a elementor-widget elementor-widget-text-editor\" data-id=\"284508a\" data-element_type=\"widget\" data-widget_type=\"text-editor.default\">\n\t\t\t\t<div class=\"elementor-widget-container\">\n\t\t\t<style>\/*! elementor - v3.23.0 - 05-08-2024 *\/\n.elementor-widget-text-editor.elementor-drop-cap-view-stacked .elementor-drop-cap{background-color:#69727d;color:#fff}.elementor-widget-text-editor.elementor-drop-cap-view-framed .elementor-drop-cap{color:#69727d;border:3px solid;background-color:transparent}.elementor-widget-text-editor:not(.elementor-drop-cap-view-default) .elementor-drop-cap{margin-top:8px}.elementor-widget-text-editor:not(.elementor-drop-cap-view-default) .elementor-drop-cap-letter{width:1em;height:1em}.elementor-widget-text-editor .elementor-drop-cap{float:left;text-align:center;line-height:1;font-size:50px}.elementor-widget-text-editor .elementor-drop-cap-letter{display:inline-block}<\/style>\t\t\t\t<p>Die ECN s.r.o. mit Sitz in Trieda KVP 1C, 040 23 Ko\u0161ice, Slowakei, ist ein im Handelsregister am [Gerichtsname] unter der Nummer (I\u010cO) [Firmennummer] eingetragenes Unternehmen. Sie erreichen die ECN s.r.o. telefonisch unter SK +421 911770118, DE +49 1522 14 15 439 oder per E-Mail unter info@ecn-gruppe.de \/ ecnelektro@gmail.com. Gesch\u00e4ftsf\u00fchrer\/in ist\/sind [Name(n)]. Die Umsatzsteuer-Identifikationsnummer lautet [USt-IdNr.], sofern zutreffend.<\/p><p>Verantwortlich f\u00fcr den Inhalt dieser Website gem\u00e4\u00df geltendem Recht ist [Name der verantwortlichen Person], ans\u00e4ssig unter [Adresse, falls abweichend vom Firmensitz].<\/p><p>Die Inhalte dieser Website wurden mit gr\u00f6\u00dfter Sorgfalt erstellt; dennoch \u00fcbernimmt die ECN s.r.o. keine Gew\u00e4hr f\u00fcr deren Richtigkeit oder Vollst\u00e4ndigkeit. ECN s.r.o. \u00fcbernimmt keine Gew\u00e4hr f\u00fcr die Richtigkeit, Vollst\u00e4ndigkeit oder Aktualit\u00e4t der bereitgestellten Informationen. Diese Website kann Links zu externen Websites Dritter enthalten, auf deren Inhalte ECN s.r.o. keinen Einfluss hat und f\u00fcr die ECN s.r.o. daher keine Haftung \u00fcbernimmt. Alle auf dieser Website ver\u00f6ffentlichten Inhalte und Werke unterliegen dem Urheberrecht. Jegliche Vervielf\u00e4ltigung, Bearbeitung oder Verbreitung bedarf der vorherigen schriftlichen Zustimmung.<\/p><p>Weitere Informationen zur Erhebung und Verarbeitung personenbezogener Daten finden Sie in der Datenschutzerkl\u00e4rung des Unternehmens.<\/p>\t\t\t\t\t\t<\/div>\n\t\t\t\t<\/div>\n\t\t            <\/div>\n        <\/div>\n                    <\/div>\n        <\/section>\n        \t\t<\/div>\n\t\t","protected":false},"excerpt":{"rendered":"<p>Die ECN s.r.o. mit Sitz in Trieda KVP 1C, 040 23 Ko\u0161ice, Slowakei, ist ein im Handelsregister am [Gerichtsname] unter der Nummer (I\u010cO) [Firmennummer] eingetragenes Unternehmen. Sie erreichen die ECN s.r.o. telefonisch unter SK +421 911770118, DE +49 1522 14 15 439 oder per E-Mail unter info@ecn-gruppe.de \/ ecnelektro@gmail.com. Gesch\u00e4ftsf\u00fchrer\/in ist\/sind [Name(n)]. Die Umsatzsteuer-Identifikationsnummer lautet [&hellip;]<\/p>\n","protected":false},"author":2,"featured_media":0,"parent":0,"menu_order":0,"comment_status":"closed","ping_status":"closed","template":"","meta":{"footnotes":""},"class_list":["post-5857","page","type-page","status-publish","hentry"],"_links":{"self":[{"href":"https:\/\/11.weblv.xyz\/index.php\/wp-json\/wp\/v2\/pages\/5857","targetHints":{"allow":["GET"]}}],"collection":[{"href":"https:\/\/11.weblv.xyz\/index.php\/wp-json\/wp\/v2\/pages"}],"about":[{"href":"https:\/\/11.weblv.xyz\/index.php\/wp-json\/wp\/v2\/types\/page"}],"author":[{"embeddable":true,"href":"https:\/\/11.weblv.xyz\/index.php\/wp-json\/wp\/v2\/users\/2"}],"replies":[{"embeddable":true,"href":"https:\/\/11.weblv.xyz\/index.php\/wp-json\/wp\/v2\/comments?post=5857"}],"version-history":[{"count":10,"href":"https:\/\/11.weblv.xyz\/index.php\/wp-json\/wp\/v2\/pages\/5857\/revisions"}],"predecessor-version":[{"id":5894,"href":"https:\/\/11.weblv.xyz\/index.php\/wp-json\/wp\/v2\/pages\/5857\/revisions\/5894"}],"wp:attachment":[{"href":"https:\/\/11.weblv.xyz\/index.php\/wp-json\/wp\/v2\/media?parent=5857"}],"curies":[{"name":"wp","href":"https:\/\/api.w.org\/{rel}","templated":true}]}}