{"id":5855,"date":"2026-04-10T05:55:19","date_gmt":"2026-04-10T04:55:19","guid":{"rendered":"https:\/\/11.weblv.xyz\/?page_id=5855"},"modified":"2026-04-10T06:01:49","modified_gmt":"2026-04-10T05:01:49","slug":"faq","status":"publish","type":"page","link":"https:\/\/11.weblv.xyz\/index.php\/faq\/","title":{"rendered":"FAQ"},"content":{"rendered":"\t\t<div data-elementor-type=\"wp-page\" data-elementor-id=\"5855\" class=\"elementor elementor-5855\">\n\t\t\t\t        <section class=\"elementor-section elementor-top-section elementor-element elementor-element-23bf6d4 elementor-section-boxed elementor-section-height-default elementor-section-height-default ct-header-fixed-none ct-row-max-none\" data-id=\"23bf6d4\" data-element_type=\"section\">\n            \n                        <div class=\"elementor-container elementor-column-gap-default \">\n                    <div class=\"elementor-column elementor-col-100 elementor-top-column elementor-element elementor-element-bfca24a\" data-id=\"bfca24a\" data-element_type=\"column\">\n        <div class=\"elementor-widget-wrap elementor-element-populated\">\n                    \n        \t\t<div class=\"elementor-element elementor-element-562690b elementor-widget elementor-widget-ct_accordion\" data-id=\"562690b\" data-element_type=\"widget\" data-widget_type=\"ct_accordion.default\">\n\t\t\t\t<div class=\"elementor-widget-container\">\n\t\t\t    <div id=\"ct_accordion-562690b\" class=\"ct-accordion layout1 style1 \">\r\n                    <div class=\"ct-accordion-item active\">\r\n                <div class=\"ct-ac-title active\" data-target=\"#2041f8fct_accordion-562690b\">\r\n                    <a class=\"ct-ac-title-text\">\r\n                                                                        1. Welche Dienstleistungen bietet ECN s.r.o. an?                    <\/a>\r\n                <\/div>\r\n                <div id=\"2041f8fct_accordion-562690b\" class=\"ct-ac-content\" style=\"display:block;\"><p>Wir bieten umfassende Elektroinstallationsleistungen f\u00fcr Produktionshallen, B\u00fcrogeb\u00e4ude, Wohnh\u00e4user und Apartmentanlagen. Zu unseren Leistungen geh\u00f6ren auch das Verlegen von Kabeln, der Anschluss von Stromverteilungssystemen und das komplette Projektmanagement.<\/p><\/div>\r\n            <\/div>\r\n                    <div class=\"ct-accordion-item \">\r\n                <div class=\"ct-ac-title \" data-target=\"#3b75e29ct_accordion-562690b\">\r\n                    <a class=\"ct-ac-title-text\">\r\n                                                                        2. An welchen Projekten arbeiten Sie?                    <\/a>\r\n                <\/div>\r\n                <div id=\"3b75e29ct_accordion-562690b\" class=\"ct-ac-content\"><p>Wir bearbeiten Industrie-, Gewerbe- und Wohnbauprojekte jeder Gr\u00f6\u00dfenordnung \u2013 von kleinen Installationen bis hin zu Gro\u00dfprojekten.<\/p><\/div>\r\n            <\/div>\r\n                    <div class=\"ct-accordion-item \">\r\n                <div class=\"ct-ac-title \" data-target=\"#1b04b40ct_accordion-562690b\">\r\n                    <a class=\"ct-ac-title-text\">\r\n                                                                        3. \u00dcbernehmen Sie die Projektleitung von Anfang bis Ende?                    <\/a>\r\n                <\/div>\r\n                <div id=\"1b04b40ct_accordion-562690b\" class=\"ct-ac-content\"><p>Ja, wir bieten Komplettl\u00f6sungen an, einschlie\u00dflich Planung, Installation, Pr\u00fcfung und Endabnahme sowie vollst\u00e4ndiges Projektmanagement.<\/p><\/div>\r\n            <\/div>\r\n                    <div class=\"ct-accordion-item \">\r\n                <div class=\"ct-ac-title \" data-target=\"#a69bc9fct_accordion-562690b\">\r\n                    <a class=\"ct-ac-title-text\">\r\n                                                                        4. Bieten Sie Projektmanagement-Dienstleistungen separat an?                    <\/a>\r\n                <\/div>\r\n                <div id=\"a69bc9fct_accordion-562690b\" class=\"ct-ac-content\"><p>Ja, unsere Projektmanagement-Dienstleistungen k\u00f6nnen als eigenst\u00e4ndige L\u00f6sung oder als Teil eines kompletten Elektroinstallationspakets angeboten werden.<\/p><\/div>\r\n            <\/div>\r\n                    <div class=\"ct-accordion-item \">\r\n                <div class=\"ct-ac-title \" data-target=\"#e01014bct_accordion-562690b\">\r\n                    <a class=\"ct-ac-title-text\">\r\n                                                                        5. Wie gew\u00e4hrleisten Sie Qualit\u00e4t und Sicherheit?                    <\/a>\r\n                <\/div>\r\n                <div id=\"e01014bct_accordion-562690b\" class=\"ct-ac-content\"><p>Wir halten uns strikt an Branchenstandards, verwenden hochwertige Materialien und stellen sicher, dass alle Arbeiten von qualifizierten Fachkr\u00e4ften ausgef\u00fchrt werden. Sicherheit und die Einhaltung aller Vorschriften haben in jeder Projektphase h\u00f6chste Priorit\u00e4t.<\/p><\/div>\r\n            <\/div>\r\n                    <div class=\"ct-accordion-item \">\r\n                <div class=\"ct-ac-title \" data-target=\"#b73c72fct_accordion-562690b\">\r\n                    <a class=\"ct-ac-title-text\">\r\n                                                                        6. Sind Sie in der Lage, gro\u00df angelegte Industrieanlagen zu realisieren?                    <\/a>\r\n                <\/div>\r\n                <div id=\"b73c72fct_accordion-562690b\" class=\"ct-ac-content\"><p>Absolut. Wir verf\u00fcgen \u00fcber das Fachwissen und die Ressourcen, um komplexe und gro\u00dffl\u00e4chige industrielle Elektroinstallationen zu betreuen, einschlie\u00dflich Produktionshallen und Verteilsystemen.<\/p><\/div>\r\n            <\/div>\r\n                    <div class=\"ct-accordion-item \">\r\n                <div class=\"ct-ac-title \" data-target=\"#f5d8584ct_accordion-562690b\">\r\n                    <a class=\"ct-ac-title-text\">\r\n                                                                        7. Passen Sie Ihre Dienstleistungen an die Bed\u00fcrfnisse Ihrer Kunden an?                    <\/a>\r\n                <\/div>\r\n                <div id=\"f5d8584ct_accordion-562690b\" class=\"ct-ac-content\"><p>Ja, jedes Projekt wird individuell auf die spezifischen Anforderungen, den Zeitplan und das Budget unserer Kunden zugeschnitten.<\/p><\/div>\r\n            <\/div>\r\n                    <div class=\"ct-accordion-item \">\r\n                <div class=\"ct-ac-title \" data-target=\"#45a8501ct_accordion-562690b\">\r\n                    <a class=\"ct-ac-title-text\">\r\n                                                                        8. Was ist in Ihrem Kabelziehservice enthalten?                    <\/a>\r\n                <\/div>\r\n                <div id=\"45a8501ct_accordion-562690b\" class=\"ct-ac-content\"><p>Unser Kabelziehservice umfasst die sichere Handhabung, Verlegung und Installation von Kabeln unter Verwendung professioneller Ausr\u00fcstung, um langfristige Zuverl\u00e4ssigkeit und Leistungsf\u00e4higkeit zu gew\u00e4hrleisten.<\/p><\/div>\r\n            <\/div>\r\n                    <div class=\"ct-accordion-item \">\r\n                <div class=\"ct-ac-title \" data-target=\"#3898b44ct_accordion-562690b\">\r\n                    <a class=\"ct-ac-title-text\">\r\n                                                                        9. Bieten Sie Tests und Inbetriebnahme an?                    <\/a>\r\n                <\/div>\r\n                <div id=\"3898b44ct_accordion-562690b\" class=\"ct-ac-content\"><p>Ja, wir stellen sicher, dass alle Systeme vor der Projekt\u00fcbergabe gr\u00fcndlich getestet und voll funktionsf\u00e4hig sind.<\/p><\/div>\r\n            <\/div>\r\n                    <div class=\"ct-accordion-item \">\r\n                <div class=\"ct-ac-title \" data-target=\"#95a4c94ct_accordion-562690b\">\r\n                    <a class=\"ct-ac-title-text\">\r\n                                                                        10. Wie k\u00f6nnen wir ein Angebot erhalten oder ein Projekt starten?                    <\/a>\r\n                <\/div>\r\n                <div id=\"95a4c94ct_accordion-562690b\" class=\"ct-ac-content\"><p>Sie k\u00f6nnen uns Ihre Projektdetails direkt mitteilen, und unser Team wird Sie beraten und Ihnen ein auf Ihre Anforderungen zugeschnittenes Angebot unterbreiten.<\/p><\/div>\r\n            <\/div>\r\n            <\/div>\r\n\t\t<\/div>\n\t\t\t\t<\/div>\n\t\t            <\/div>\n        <\/div>\n                    <\/div>\n        <\/section>\n        \t\t<\/div>\n\t\t","protected":false},"excerpt":{"rendered":"<p>1. Welche Dienstleistungen bietet ECN s.r.o. an? Wir bieten umfassende Elektroinstallationsleistungen f\u00fcr Produktionshallen, B\u00fcrogeb\u00e4ude, Wohnh\u00e4user und Apartmentanlagen. Zu unseren Leistungen geh\u00f6ren auch das Verlegen von Kabeln, der Anschluss von Stromverteilungssystemen und das komplette Projektmanagement. 2. An welchen Projekten arbeiten Sie? Wir bearbeiten Industrie-, Gewerbe- und Wohnbauprojekte jeder Gr\u00f6\u00dfenordnung \u2013 von kleinen Installationen bis hin zu [&hellip;]<\/p>\n","protected":false},"author":2,"featured_media":0,"parent":0,"menu_order":0,"comment_status":"closed","ping_status":"closed","template":"","meta":{"footnotes":""},"class_list":["post-5855","page","type-page","status-publish","hentry"],"_links":{"self":[{"href":"https:\/\/11.weblv.xyz\/index.php\/wp-json\/wp\/v2\/pages\/5855","targetHints":{"allow":["GET"]}}],"collection":[{"href":"https:\/\/11.weblv.xyz\/index.php\/wp-json\/wp\/v2\/pages"}],"about":[{"href":"https:\/\/11.weblv.xyz\/index.php\/wp-json\/wp\/v2\/types\/page"}],"author":[{"embeddable":true,"href":"https:\/\/11.weblv.xyz\/index.php\/wp-json\/wp\/v2\/users\/2"}],"replies":[{"embeddable":true,"href":"https:\/\/11.weblv.xyz\/index.php\/wp-json\/wp\/v2\/comments?post=5855"}],"version-history":[{"count":10,"href":"https:\/\/11.weblv.xyz\/index.php\/wp-json\/wp\/v2\/pages\/5855\/revisions"}],"predecessor-version":[{"id":5867,"href":"https:\/\/11.weblv.xyz\/index.php\/wp-json\/wp\/v2\/pages\/5855\/revisions\/5867"}],"wp:attachment":[{"href":"https:\/\/11.weblv.xyz\/index.php\/wp-json\/wp\/v2\/media?parent=5855"}],"curies":[{"name":"wp","href":"https:\/\/api.w.org\/{rel}","templated":true}]}}