{"id":3495,"date":"2020-02-07T02:16:59","date_gmt":"2020-02-07T02:16:59","guid":{"rendered":"https:\/\/demo.casethemes.net\/consultio-corporate2\/?page_id=3495"},"modified":"2026-04-10T06:23:11","modified_gmt":"2026-04-10T05:23:11","slug":"about-v-4","status":"publish","type":"page","link":"https:\/\/11.weblv.xyz\/index.php\/about-v-4\/","title":{"rendered":"About Us"},"content":{"rendered":"\t\t<div data-elementor-type=\"wp-page\" data-elementor-id=\"3495\" class=\"elementor elementor-3495\">\n\t\t\t\t        <section class=\"elementor-section elementor-top-section elementor-element elementor-element-bca8448 elementor-section-stretched elementor-section-boxed elementor-section-height-default elementor-section-height-default ct-header-fixed-none ct-row-max-none\" data-id=\"bca8448\" data-element_type=\"section\" data-settings=\"{&quot;stretch_section&quot;:&quot;section-stretched&quot;}\">\n            \n                        <div class=\"elementor-container elementor-column-gap-extended \">\n                    <div class=\"elementor-column elementor-col-100 elementor-top-column elementor-element elementor-element-8630a61\" data-id=\"8630a61\" data-element_type=\"column\">\n        <div class=\"elementor-widget-wrap elementor-element-populated\">\n                    \n        \t\t<div class=\"elementor-element elementor-element-12e6001 elementor-widget elementor-widget-ct_particle_animate\" data-id=\"12e6001\" data-element_type=\"widget\" data-widget_type=\"ct_particle_animate.default\">\n\t\t\t\t<div class=\"elementor-widget-container\">\n\t\t\t\t<div class=\"ct-particle-animate el-move-parents\">\r\n\t\t\t\t    <div id=\"ct_particle_animate-12e60010\" class=\"animate-none \"  data-wow-delay=\"ms\">\r\n\t\t    \t<div class=\"ct-inline-css\"  data-css=\"\r\n\t\t            .ct-particle-animate #ct_particle_animate-12e60010 {\r\n\t\t                left: 13px;\r\n\t\t                top: 34px;\r\n\t\t            }\">\r\n\t\t        <\/div>\r\n\t\t    \t<img decoding=\"async\" width=\"165\" height=\"278\" src=\"https:\/\/11.weblv.xyz\/wp-content\/uploads\/2020\/02\/about4-shape1.png\" class=\"attachment-full\" alt=\"\" \/>\t\t\r\n\t\t    <\/div>\r\n\t\t\t<\/div>\r\n\t\t<\/div>\n\t\t\t\t<\/div>\n\t\t        <section class=\"elementor-section elementor-inner-section elementor-element elementor-element-942af5f elementor-section-boxed elementor-section-height-default elementor-section-height-default ct-header-fixed-none ct-row-max-none\" data-id=\"942af5f\" data-element_type=\"section\">\n            \n                        <div class=\"elementor-container elementor-column-gap-extended \">\n                    <div class=\"elementor-column elementor-col-50 elementor-inner-column elementor-element elementor-element-80813fd\" data-id=\"80813fd\" data-element_type=\"column\">\n        <div class=\"elementor-widget-wrap elementor-element-populated\">\n                    \n        \t\t<div class=\"elementor-element elementor-element-a3c8047 elementor-widget elementor-widget-image\" data-id=\"a3c8047\" data-element_type=\"widget\" data-widget_type=\"image.default\">\n\t\t\t\t<div class=\"elementor-widget-container\">\n\t\t\t<style>\/*! elementor - v3.23.0 - 05-08-2024 *\/\n.elementor-widget-image{text-align:center}.elementor-widget-image a{display:inline-block}.elementor-widget-image a img[src$=\".svg\"]{width:48px}.elementor-widget-image img{vertical-align:middle;display:inline-block}<\/style>\t\t\t\t\t\t\t\t\t\t<img fetchpriority=\"high\" decoding=\"async\" width=\"295\" height=\"300\" src=\"https:\/\/11.weblv.xyz\/wp-content\/uploads\/2026\/04\/f1e4fd4d1973d89b658469acfff72552-1.jpg\" class=\"attachment-full size-full wp-image-5909\" alt=\"\" \/>\t\t\t\t\t\t\t\t\t\t\t\t\t<\/div>\n\t\t\t\t<\/div>\n\t\t            <\/div>\n        <\/div>\n                <div class=\"elementor-column elementor-col-50 elementor-inner-column elementor-element elementor-element-f269e39 elementor-invisible\" data-id=\"f269e39\" data-element_type=\"column\" data-settings=\"{&quot;background_background&quot;:&quot;classic&quot;,&quot;animation&quot;:&quot;fadeInRight&quot;}\">\n        <div class=\"elementor-widget-wrap elementor-element-populated\">\n                    \n        \t\t<div class=\"elementor-element elementor-element-39ccfa7 elementor-widget elementor-widget-ct_text_editor\" data-id=\"39ccfa7\" data-element_type=\"widget\" data-widget_type=\"ct_text_editor.default\">\n\t\t\t\t<div class=\"elementor-widget-container\">\n\t\t\t<div id=\"ct_text_editor-39ccfa7\" class=\"ct-text-editor \" data-wow-delay=\"ms\">\n\t<div class=\"ct-inline-css\"  data-css=\"\n        \t\t\">\n\n    <\/div>\n\t<div class=\"ct-text-editor elementor-clearfix\">\n\t\t<p>ECN s.r.o. ist ein zuverl\u00e4ssiger und erfahrener Anbieter umfassender Elektroinstallationsleistungen und liefert hochwertige L\u00f6sungen f\u00fcr Industrie-, Gewerbe- und Wohnbauprojekte. Mit Fokus auf Pr\u00e4zision, Sicherheit und Effizienz begleiten wir unsere Kunden in jeder Phase \u2013 von der ersten Planung bis zur finalen Umsetzung.<\/p><p>Unsere Expertise umfasst die komplette Elektroinstallation von Produktionshallen, B\u00fcrogeb\u00e4uden, Wohnsiedlungen und Apartmentanlagen. Wir sind spezialisiert auf das Einziehen von Kabeln und gew\u00e4hrleisten so eine sichere und effiziente Infrastruktur sowie den fachgerechten Anschluss von Stromverteilungssystemen.<\/p><p>ECN s.r.o. bietet Ihnen au\u00dferdem ein umfassendes Projektmanagement. Wir koordinieren alle Aspekte der Elektroinstallation, um eine termingerechte und reibungslose Ausf\u00fchrung sicherzustellen. Unser Team aus qualifizierten Fachkr\u00e4ften arbeitet nach h\u00f6chsten Branchenstandards und entwickelt ma\u00dfgeschneiderte L\u00f6sungen f\u00fcr die individuellen Bed\u00fcrfnisse jedes Projekts.<\/p>\t\t\n\t<\/div>\n<\/div>\t\t<\/div>\n\t\t\t\t<\/div>\n\t\t            <\/div>\n        <\/div>\n                    <\/div>\n        <\/section>\n                    <\/div>\n        <\/div>\n                    <\/div>\n        <\/section>\n        \t\t<\/div>\n\t\t","protected":false},"excerpt":{"rendered":"<p>ECN s.r.o. ist ein zuverl\u00e4ssiger und erfahrener Anbieter umfassender Elektroinstallationsleistungen und liefert hochwertige L\u00f6sungen f\u00fcr Industrie-, Gewerbe- und Wohnbauprojekte. Mit Fokus auf Pr\u00e4zision, Sicherheit und Effizienz begleiten wir unsere Kunden in jeder Phase \u2013 von der ersten Planung bis zur finalen Umsetzung. Unsere Expertise umfasst die komplette Elektroinstallation von Produktionshallen, B\u00fcrogeb\u00e4uden, Wohnsiedlungen und Apartmentanlagen. Wir [&hellip;]<\/p>\n","protected":false},"author":2,"featured_media":0,"parent":0,"menu_order":0,"comment_status":"closed","ping_status":"closed","template":"","meta":{"footnotes":""},"class_list":["post-3495","page","type-page","status-publish","hentry"],"_links":{"self":[{"href":"https:\/\/11.weblv.xyz\/index.php\/wp-json\/wp\/v2\/pages\/3495","targetHints":{"allow":["GET"]}}],"collection":[{"href":"https:\/\/11.weblv.xyz\/index.php\/wp-json\/wp\/v2\/pages"}],"about":[{"href":"https:\/\/11.weblv.xyz\/index.php\/wp-json\/wp\/v2\/types\/page"}],"author":[{"embeddable":true,"href":"https:\/\/11.weblv.xyz\/index.php\/wp-json\/wp\/v2\/users\/2"}],"replies":[{"embeddable":true,"href":"https:\/\/11.weblv.xyz\/index.php\/wp-json\/wp\/v2\/comments?post=3495"}],"version-history":[{"count":10,"href":"https:\/\/11.weblv.xyz\/index.php\/wp-json\/wp\/v2\/pages\/3495\/revisions"}],"predecessor-version":[{"id":5919,"href":"https:\/\/11.weblv.xyz\/index.php\/wp-json\/wp\/v2\/pages\/3495\/revisions\/5919"}],"wp:attachment":[{"href":"https:\/\/11.weblv.xyz\/index.php\/wp-json\/wp\/v2\/media?parent=3495"}],"curies":[{"name":"wp","href":"https:\/\/api.w.org\/{rel}","templated":true}]}}